{"id":1118,"date":"2024-12-18T22:34:14","date_gmt":"2024-12-19T03:34:14","guid":{"rendered":"https:\/\/www.micheldonais.com\/lunivers-de-michel-donais\/"},"modified":"2025-02-28T23:57:06","modified_gmt":"2025-03-01T04:57:06","slug":"home","status":"publish","type":"page","link":"https:\/\/www.micheldonais.com\/fr\/","title":{"rendered":"L&rsquo;univers de Michel Donais"},"content":{"rendered":"\n<div class=\"wp-block-group alignfull has-global-padding is-layout-constrained wp-block-group-is-layout-constrained\" style=\"margin-top:0;margin-bottom:var(--wp--preset--spacing--20)\">\n<div class=\"wp-block-columns alignfull is-layout-flex wp-container-core-columns-is-layout-9c22b1e3 wp-block-columns-is-layout-flex\">\n<div class=\"wp-block-column is-layout-flow wp-block-column-is-layout-flow\" style=\"flex-basis:55%\">\n<figure class=\"wp-block-image aligncenter size-full\"><img decoding=\"async\" src=\"https:\/\/www.micheldonais.com\/wp-content\/uploads\/2025\/01\/Je-suis-devenue-la-personne-la-plus-forte-Cover-1.jpg\" alt=\"Couverture du livre &quot;Je suis devenue la personne la plus forte&quot;\" class=\"wp-image-972\"\/><\/figure>\n<\/div>\n\n\n\n<div class=\"wp-block-column is-vertically-aligned-center is-layout-flow wp-block-column-is-layout-flow\" style=\"padding-top:var(--wp--preset--spacing--60);padding-right:var(--wp--preset--spacing--60);padding-bottom:var(--wp--preset--spacing--60);padding-left:var(--wp--preset--spacing--60)\">\n<h2 class=\"wp-block-heading has-xx-large-font-size\">Dans \u00ab\u2009Je suis devenue la personne la plus forte\u2009\u00bb, notre univers entre en collision avec un monde fantastique!<\/h2>\n\n\n\n<h6 class=\"wp-block-heading\">Premier ouvrage : Roman d\u2019amour et d\u2019aventure<\/h6>\n\n\n\n<p>Accompagnez Iris dans son p\u00e9riple vers un royaume enchant\u00e9, o\u00f9 elle fera face \u00e0 de nouveaux obstacles et \u00e0 de nouvelles p\u00e9rip\u00e9ties.<\/p>\n\n\n\n<p>Conform\u00e9ment \u00e0 la tradition des r\u00e9cits de type Isekai, notre h\u00e9ro\u00efne devra vaincre ses peurs et se montrer la plus puissante pour survivre dans ce nouvel univers.<\/p>\n\n\n\n<p>Pr\u00e9parez-vous \u00e0 vivre des aventures palpitantes, des romances passionnantes, des rencontres hilarantes, et des rebondissements impr\u00e9vus, alors qu\u2019elle \u00e9volue dans ce monde enchant\u00e9.<\/p>\n\n\n\n<p>Va-t-elle retrouver sa voie d\u2019autrefois, ou sera-t-elle pr\u00eate \u00e0 embrasser les opportunit\u00e9s qui se pr\u00e9sentent dans ce monde inconnu\u2009?<\/p>\n\n\n\n<div class=\"wp-block-buttons is-layout-flex wp-block-buttons-is-layout-flex\">\n<div class=\"wp-block-button\"><a class=\"wp-block-button__link wp-element-button\" href=\"https:\/\/www.micheldonais.com\/fr\/categorie\/livres\/je-suis-devenue-la-personne-la-plus-forte\/\">D\u00e9tails et chapitres<\/a><\/div>\n<\/div>\n<\/div>\n<\/div>\n<\/div>\n\n<div class=\"wp-block-group alignfull has-global-padding is-layout-constrained wp-block-group-is-layout-constrained\" style=\"margin-top:var(--wp--preset--spacing--20);margin-bottom:var(--wp--preset--spacing--20)\">\n<div class=\"wp-block-columns alignfull is-layout-flex wp-container-core-columns-is-layout-9c22b1e3 wp-block-columns-is-layout-flex\">\n<div class=\"wp-block-column is-layout-flow wp-block-column-is-layout-flow\" style=\"flex-basis:55%\">\n<figure class=\"wp-block-image aligncenter size-large\"><img decoding=\"async\" width=\"768\" height=\"1024\" src=\"https:\/\/www.micheldonais.com\/wp-content\/uploads\/2025\/01\/IMG_0433-768x1024.jpg\" alt=\"Sh&#x14D;ka Sh&#x14D;f&#x16B;tai Nishuike d'hiver\" class=\"wp-image-1226\" srcset=\"https:\/\/www.micheldonais.com\/wp-content\/uploads\/2025\/01\/IMG_0433-768x1024.jpg 768w, https:\/\/www.micheldonais.com\/wp-content\/uploads\/2025\/01\/IMG_0433-225x300.jpg 225w, https:\/\/www.micheldonais.com\/wp-content\/uploads\/2025\/01\/IMG_0433-1152x1536.jpg 1152w, https:\/\/www.micheldonais.com\/wp-content\/uploads\/2025\/01\/IMG_0433.jpg 1440w\" sizes=\"(max-width: 768px) 100vw, 768px\" \/><\/figure>\n<\/div>\n\n\n\n<div class=\"wp-block-column is-vertically-aligned-center is-layout-flow wp-block-column-is-layout-flow\" style=\"padding-top:var(--wp--preset--spacing--60);padding-right:var(--wp--preset--spacing--60);padding-bottom:var(--wp--preset--spacing--60);padding-left:var(--wp--preset--spacing--60)\">\n<h2 class=\"wp-block-heading has-xx-large-font-size\">Fleurs d&rsquo;Ikebana, une s\u00e9rie de vid\u00e9os pour rendre accessible l\u2019ikebana d&rsquo;Ikenob\u014d<\/h2>\n\n\n\n<h6 class=\"wp-block-heading\"><strong>Cha\u00eene YouTube de pratique et d\u2019exploration qui met en valeur la beaut\u00e9 des fleurs.<\/strong><\/h6>\n\n\n\n<p>Michel Donais a commenc\u00e9 \u00e0 pratiquer l\u2019ikebana de l\u2019\u00e9cole Ikenob\u014d avant m\u00eame d\u2019apprendre \u00e0 lire et \u00e0 \u00e9crire. Pendant de nombreuses ann\u00e9es, le style Ikenob\u014d a profond\u00e9ment influenc\u00e9 sa perception artistique. En 2006, il a commenc\u00e9 \u00e0 suivre des cours officiels en tant qu\u2019\u00e9tudiant, devenant instructeur en 2013, puis professeur adjoint en 2016, pour finalement devenir professeur en 2024.  <\/p>\n\n\n\n<p>\u00c0 la fin de 2023, Sophie Daher et lui ont d\u00e9but\u00e9 un projet visant \u00e0 am\u00e9liorer leurs comp\u00e9tences en vid\u00e9ographie et en marketing sur les r\u00e9seaux sociaux. Ce projet leur a donn\u00e9 l\u2019occasion d\u2019exp\u00e9rimenter avec diff\u00e9rents mat\u00e9riaux floraux, de pratiquer la cr\u00e9ation d\u2019arrangements rapides, et de diffuser gratuitement leurs compositions florales sur YouTube, combinant ainsi utilit\u00e9 et plaisir. Ce projet s&rsquo;intitule <strong>Fleurs d&rsquo;Ikebana<\/strong>.  <\/p>\n\n\n\n<div class=\"wp-block-buttons is-layout-flex wp-block-buttons-is-layout-flex\">\n<div class=\"wp-block-button\"><a class=\"wp-block-button__link wp-element-button\" href=\"https:\/\/ikebana.tv\" target=\"_blank\" rel=\"noreferrer noopener\">Parcourez la cha\u00eene YouTube Fleurs d&rsquo;Ikebana<\/a><\/div>\n<\/div>\n\n\n\n<ul class=\"wp-block-social-links is-layout-flex wp-block-social-links-is-layout-flex\"><li class=\"wp-social-link wp-social-link-bluesky  wp-block-social-link\"><a href=\"https:\/\/bsky.app\/profile\/ikebana.tv\" class=\"wp-block-social-link-anchor\"><svg width=\"24\" height=\"24\" viewBox=\"0 0 24 24\" version=\"1.1\" xmlns=\"http:\/\/www.w3.org\/2000\/svg\" aria-hidden=\"true\" focusable=\"false\"><path d=\"M6.3,4.2c2.3,1.7,4.8,5.3,5.7,7.2.9-1.9,3.4-5.4,5.7-7.2,1.7-1.3,4.3-2.2,4.3.9s-.4,5.2-.6,5.9c-.7,2.6-3.3,3.2-5.6,2.8,4,.7,5.1,3,2.9,5.3-5,5.2-6.7-2.8-6.7-2.8,0,0-1.7,8-6.7,2.8-2.2-2.3-1.2-4.6,2.9-5.3-2.3.4-4.9-.3-5.6-2.8-.2-.7-.6-5.3-.6-5.9,0-3.1,2.7-2.1,4.3-.9h0Z\"><\/path><\/svg><span class=\"wp-block-social-link-label screen-reader-text\">Bluesky<\/span><\/a><\/li>\n\n<li class=\"wp-social-link wp-social-link-youtube  wp-block-social-link\"><a href=\"https:\/\/ikebana.tv\" class=\"wp-block-social-link-anchor\"><svg width=\"24\" height=\"24\" viewBox=\"0 0 24 24\" version=\"1.1\" xmlns=\"http:\/\/www.w3.org\/2000\/svg\" aria-hidden=\"true\" focusable=\"false\"><path d=\"M21.8,8.001c0,0-0.195-1.378-0.795-1.985c-0.76-0.797-1.613-0.801-2.004-0.847c-2.799-0.202-6.997-0.202-6.997-0.202 h-0.009c0,0-4.198,0-6.997,0.202C4.608,5.216,3.756,5.22,2.995,6.016C2.395,6.623,2.2,8.001,2.2,8.001S2,9.62,2,11.238v1.517 c0,1.618,0.2,3.237,0.2,3.237s0.195,1.378,0.795,1.985c0.761,0.797,1.76,0.771,2.205,0.855c1.6,0.153,6.8,0.201,6.8,0.201 s4.203-0.006,7.001-0.209c0.391-0.047,1.243-0.051,2.004-0.847c0.6-0.607,0.795-1.985,0.795-1.985s0.2-1.618,0.2-3.237v-1.517 C22,9.62,21.8,8.001,21.8,8.001z M9.935,14.594l-0.001-5.62l5.404,2.82L9.935,14.594z\"><\/path><\/svg><span class=\"wp-block-social-link-label screen-reader-text\">YouTube<\/span><\/a><\/li><\/ul>\n<\/div>\n<\/div>\n<\/div>\n\n<div class=\"wp-block-group alignfull has-global-padding is-layout-constrained wp-block-group-is-layout-constrained\" style=\"margin-top:var(--wp--preset--spacing--20);margin-bottom:var(--wp--preset--spacing--20);padding-top:0;padding-bottom:0\">\n<div class=\"wp-block-columns alignwide is-layout-flex wp-container-core-columns-is-layout-fa584acd wp-block-columns-is-layout-flex\">\n<div class=\"wp-block-column is-vertically-aligned-center is-layout-flow wp-block-column-is-layout-flow\">\n<h2 class=\"wp-block-heading has-xx-large-font-size\">\u00c0 propos de Michel Donais<\/h2>\n\n\n\n<blockquote class=\"wp-block-quote is-layout-flow wp-block-quote-is-layout-flow\">\n<p class=\"has-medium-font-size\">Michel Donais, informaticien passionn\u00e9 par l\u2019art.<\/p>\n<\/blockquote>\n\n\n\n<p class=\"has-medium-font-size\">Tout au long de sa vie, il a cultiv\u00e9 un go\u00fbt profond pour la musique, les arts et la litt\u00e9rature, s\u2019engageant dans des activit\u00e9s cr\u00e9atives telles que la pratique d\u2019instruments de musique, la photographie et la sonorisation. Il a \u00e9crit des articles pour des magazines audiophiles et des blogues sur les disques vinyle.<\/p>\n\n\n\n<p class=\"has-medium-font-size\">En 2006, Michel a entam\u00e9 l\u2019\u00e9tude de l\u2019art floral japonais. Il s\u2019est vou\u00e9 \u00e0 cette discipline, voyageant \u00e0 travers le monde et cr\u00e9ant des tutoriels. En 2024, il a obtenu son 12e certificat et est devenu un professeur.<\/p>\n\n\n\n<p class=\"has-medium-font-size\">Michel, avare de litt\u00e9rature dans des genres divers, tels que la science-fiction, le fantastique, la romance et les bandes dessin\u00e9es, commence sa carri\u00e8re d\u2019\u00e9crivain avec un premier roman-feuilleton.<\/p>\n\n\n\n<ul class=\"wp-block-social-links is-layout-flex wp-block-social-links-is-layout-flex\"><li class=\"wp-social-link wp-social-link-bluesky  wp-block-social-link\"><a href=\"https:\/\/bsky.app\/profile\/michel.misoservices.com\" class=\"wp-block-social-link-anchor\"><svg width=\"24\" height=\"24\" viewBox=\"0 0 24 24\" version=\"1.1\" xmlns=\"http:\/\/www.w3.org\/2000\/svg\" aria-hidden=\"true\" focusable=\"false\"><path d=\"M6.3,4.2c2.3,1.7,4.8,5.3,5.7,7.2.9-1.9,3.4-5.4,5.7-7.2,1.7-1.3,4.3-2.2,4.3.9s-.4,5.2-.6,5.9c-.7,2.6-3.3,3.2-5.6,2.8,4,.7,5.1,3,2.9,5.3-5,5.2-6.7-2.8-6.7-2.8,0,0-1.7,8-6.7,2.8-2.2-2.3-1.2-4.6,2.9-5.3-2.3.4-4.9-.3-5.6-2.8-.2-.7-.6-5.3-.6-5.9,0-3.1,2.7-2.1,4.3-.9h0Z\"><\/path><\/svg><span class=\"wp-block-social-link-label screen-reader-text\">Bluesky<\/span><\/a><\/li>\n\n<li class=\"wp-social-link wp-social-link-linkedin  wp-block-social-link\"><a href=\"https:\/\/www.linkedin.com\/in\/micheldonais\/\" class=\"wp-block-social-link-anchor\"><svg width=\"24\" height=\"24\" viewBox=\"0 0 24 24\" version=\"1.1\" xmlns=\"http:\/\/www.w3.org\/2000\/svg\" aria-hidden=\"true\" focusable=\"false\"><path d=\"M19.7,3H4.3C3.582,3,3,3.582,3,4.3v15.4C3,20.418,3.582,21,4.3,21h15.4c0.718,0,1.3-0.582,1.3-1.3V4.3 C21,3.582,20.418,3,19.7,3z M8.339,18.338H5.667v-8.59h2.672V18.338z M7.004,8.574c-0.857,0-1.549-0.694-1.549-1.548 c0-0.855,0.691-1.548,1.549-1.548c0.854,0,1.547,0.694,1.547,1.548C8.551,7.881,7.858,8.574,7.004,8.574z M18.339,18.338h-2.669 v-4.177c0-0.996-0.017-2.278-1.387-2.278c-1.389,0-1.601,1.086-1.601,2.206v4.249h-2.667v-8.59h2.559v1.174h0.037 c0.356-0.675,1.227-1.387,2.526-1.387c2.703,0,3.203,1.779,3.203,4.092V18.338z\"><\/path><\/svg><span class=\"wp-block-social-link-label screen-reader-text\">LinkedIn<\/span><\/a><\/li><\/ul>\n<\/div>\n\n\n\n<div class=\"wp-block-column is-vertically-aligned-center is-layout-flow wp-block-column-is-layout-flow\">\n<figure class=\"wp-block-image size-large\"><img decoding=\"async\" width=\"768\" height=\"1024\" src=\"https:\/\/www.micheldonais.com\/wp-content\/uploads\/2024\/12\/IMG_5732-768x1024.jpeg\" alt=\"Michel Donais en veston\" class=\"wp-image-974\" style=\"aspect-ratio:3\/4;object-fit:cover\" srcset=\"https:\/\/www.micheldonais.com\/wp-content\/uploads\/2024\/12\/IMG_5732-768x1024.jpeg 768w, https:\/\/www.micheldonais.com\/wp-content\/uploads\/2024\/12\/IMG_5732-225x300.jpeg 225w, https:\/\/www.micheldonais.com\/wp-content\/uploads\/2024\/12\/IMG_5732.jpeg 960w\" sizes=\"(max-width: 768px) 100vw, 768px\" \/><\/figure>\n<\/div>\n<\/div>\n<\/div>\n","protected":false},"excerpt":{"rendered":"<p>Dans \u00ab\u2009Je suis devenue la personne la plus forte\u2009\u00bb, notre univers entre en collision avec un monde fantastique! Premier ouvrage : Roman d\u2019amour et d\u2019aventure Accompagnez Iris dans son p\u00e9riple vers un royaume enchant\u00e9, o\u00f9 elle fera face \u00e0 de nouveaux obstacles et \u00e0 de nouvelles p\u00e9rip\u00e9ties. Conform\u00e9ment \u00e0 la tradition des r\u00e9cits de type [&hellip;]<\/p>\n","protected":false},"author":1,"featured_media":1112,"parent":0,"menu_order":0,"comment_status":"closed","ping_status":"closed","template":"","meta":{"footnotes":""},"class_list":["post-1118","page","type-page","status-publish","has-post-thumbnail","hentry"],"aioseo_notices":[],"jetpack_sharing_enabled":true,"_links":{"self":[{"href":"https:\/\/www.micheldonais.com\/fr\/wp-json\/wp\/v2\/pages\/1118","targetHints":{"allow":["GET"]}}],"collection":[{"href":"https:\/\/www.micheldonais.com\/fr\/wp-json\/wp\/v2\/pages"}],"about":[{"href":"https:\/\/www.micheldonais.com\/fr\/wp-json\/wp\/v2\/types\/page"}],"author":[{"embeddable":true,"href":"https:\/\/www.micheldonais.com\/fr\/wp-json\/wp\/v2\/users\/1"}],"replies":[{"embeddable":true,"href":"https:\/\/www.micheldonais.com\/fr\/wp-json\/wp\/v2\/comments?post=1118"}],"version-history":[{"count":2,"href":"https:\/\/www.micheldonais.com\/fr\/wp-json\/wp\/v2\/pages\/1118\/revisions"}],"predecessor-version":[{"id":1282,"href":"https:\/\/www.micheldonais.com\/fr\/wp-json\/wp\/v2\/pages\/1118\/revisions\/1282"}],"wp:featuredmedia":[{"embeddable":true,"href":"https:\/\/www.micheldonais.com\/fr\/wp-json\/wp\/v2\/media\/1112"}],"wp:attachment":[{"href":"https:\/\/www.micheldonais.com\/fr\/wp-json\/wp\/v2\/media?parent=1118"}],"curies":[{"name":"wp","href":"https:\/\/api.w.org\/{rel}","templated":true}]}}