{"id":1176,"date":"2025-01-13T21:09:29","date_gmt":"2025-01-14T02:09:29","guid":{"rendered":"https:\/\/www.micheldonais.com\/politique-de-confidentialite\/"},"modified":"2025-01-14T09:17:18","modified_gmt":"2025-01-14T14:17:18","slug":"politique-de-confidentialite","status":"publish","type":"page","link":"https:\/\/www.micheldonais.com\/fr\/politique-de-confidentialite\/","title":{"rendered":"Politique de confidentialit\u00e9"},"content":{"rendered":"\n<h1 class=\"wp-block-heading\">Politique de confidentialit\u00e9<\/h1>\n\n<h2 class=\"wp-block-heading\">Qui sommes-nous ?<\/h2>\n\n<p>L&rsquo;adresse de notre site web est : https:\/\/www.micheldonais.com. Il fait partie du portefeuille de sites de Misoservices Inc. : https:\/\/www.misoservices.com.<\/p>\n\n<h2 class=\"wp-block-heading\">Commentaires<\/h2>\n\n<h3 class=\"wp-block-heading\" id=\"disqus\">Fonctionnalit\u00e9s de Disqus sur ce site<\/h3>\n\n<p>Ce site web utilise la plateforme de partage de commentaires publics Disqus. Lorsque vous acc\u00e9dez \u00e0 certaines pages, le service Disqus est int\u00e9gr\u00e9 \u00e0 la page. Ce service est ind\u00e9pendant de ce site web. Pour plus d&rsquo;informations, consultez la <a href=\"https:\/\/help.disqus.com\/en\/articles\/1717103-disqus-privacy-policy\" target=\"_blank\" rel=\"noopener nofollow\" title=\"\">politique de confidentialit\u00e9 de Disqus<\/a>.   <\/p>\n\n<h2 class=\"wp-block-heading\">Cookies<\/h2>\n\n<p>Si vous vous rendez sur la page de connexion, un cookie temporaire sera cr\u00e9\u00e9 afin de d\u00e9terminer si votre navigateur accepte les cookies. Il ne contient pas de donn\u00e9es personnelles et sera supprim\u00e9 automatiquement \u00e0 la fermeture de votre navigateur.<\/p>\n\n<p>Lorsque vous vous connectez, nous installons \u00e9galement plusieurs cookies pour enregistrer vos informations de connexion et vos choix d&rsquo;affichage \u00e0 l&rsquo;\u00e9cran. Les cookies de connexion ont une dur\u00e9e de vie de deux jours et les cookies d&rsquo;options d&rsquo;\u00e9cran ont une dur\u00e9e de vie d&rsquo;un an. Si vous s\u00e9lectionnez l&rsquo;option \u00ab\u00a0Se souvenir de moi\u00a0\u00bb, votre connexion sera conserv\u00e9e pendant deux semaines. Si vous vous d\u00e9connectez de votre compte, les cookies de connexion seront supprim\u00e9s.   <\/p>\n\n<h3 class=\"wp-block-heading\">WPML<\/h3>\n\n<p>WPML utilise des cookies pour identifier la langue actuelle du visiteur, la langue derni\u00e8rement consult\u00e9e et la langue des utilisateurs qui se sont connect\u00e9s.<\/p>\n\n<p>Lorsque vous utilisez le plugin, WPML partagera des donn\u00e9es concernant le site \u00e0 travers Installer. Aucune donn\u00e9e concernant directement l&rsquo;utilisateur ne sera partag\u00e9e.<\/p>\n\n<h2 class=\"wp-block-heading\">Contenu embarqu\u00e9 depuis d\u2019autres sites<\/h2>\n\n<p>Les articles de ce site peuvent inclure des contenus int\u00e9gr\u00e9s (par exemple des vid\u00e9os, images, articles\u2026). Le contenu int\u00e9gr\u00e9 depuis d\u2019autres sites se comporte de la m\u00eame mani\u00e8re que si le visiteur se rendait sur cet autre site.<\/p>\n\n<p>Ces sites web pourraient collecter des donn\u00e9es sur vous, utiliser des cookies, embarquer des outils de suivis tiers, suivre vos interactions avec ces contenus embarqu\u00e9s si vous disposez d\u2019un compte connect\u00e9 sur leur site web.<\/p>\n\n<p>Ceci inclut la <a href=\"#disqus\" title=\"\">plateforme de partage de commentaires publics Disqus<\/a>.<\/p>\n\n<h3 class=\"wp-block-heading\">Les fonctionnalit\u00e9s de Patreon sur ce site<\/h3>\n\n<p>Afin de vous permettre d&rsquo;utiliser ce site Web avec les services Patreon, nous enregistrons sur ce site Web certaines informations Patreon importantes sur le plan fonctionnel, si vous vous connectez avec Patreon.<\/p>\n\n<p>Il s&rsquo;agit de votre identifiant Patreon, de votre nom d&rsquo;utilisateur Patreon, de votre pr\u00e9nom, de votre nom de famille et de votre nom de fantaisie. De plus, l&rsquo;identifiant de votre campagne sur Patreon et l&rsquo;URL Patreon de votre campagne sont \u00e9galement enregistr\u00e9s. <\/p>\n\n<p>Si vous demandez que vos donn\u00e9es soient supprim\u00e9es de ce site web, ces donn\u00e9es seront \u00e9galement supprim\u00e9es et la fonctionnalit\u00e9 Patreon ne fonctionnera pas. Vous devrez vous enregistrer sur ce site web et vous connecter \u00e0 nouveau \u00e0 ce site web avec Patreon afin de r\u00e9introduire ces donn\u00e9es et de r\u00e9tablir les fonctionnalit\u00e9s de Patreon. <\/p>\n\n<h2 class=\"wp-block-heading\">Utilisation et transmission de vos donn\u00e9es personnelles<\/h2>\n\n<p>Si vous demandez une r\u00e9initialisation de votre mot de passe, votre adresse IP sera incluse dans l\u2019e-mail de r\u00e9initialisation.<\/p>\n\n<h3 class=\"wp-block-heading\">Complianz<\/h3>\n\n<p>Ce site web utilise la \u00ab\u00a0Privacy Suite for WordPress\u00a0\u00bb de Complianz pour collecter et enregistrer le consentement bas\u00e9 sur le navigateur et l&rsquo;appareil. Pour cette fonctionnalit\u00e9, votre adresse IP est anonymis\u00e9e et stock\u00e9e dans notre base de donn\u00e9es. Ce service ne traite aucune information personnelle identifiable et ne partage aucune donn\u00e9e avec le fournisseur de services. Pour plus d&rsquo;informations, consultez la <a href=\"https:\/\/complianz.io\/legal\/privacy-statement\/\" target=\"_blank\" rel=\"noopener nofollow\" title=\"\">d\u00e9claration de confidentialit\u00e9 de<\/a> Complianz.   <\/p>\n\n<h2 class=\"wp-block-heading\">Dur\u00e9es de stockage de vos donn\u00e9es<\/h2>\n\n<p>Pour les comptes qui s\u2019inscrivent sur notre site (le cas \u00e9ch\u00e9ant), nous stockons \u00e9galement les donn\u00e9es personnelles indiqu\u00e9es dans leur profil. Tous les comptes peuvent voir, modifier ou supprimer leurs informations personnelles \u00e0 tout moment (\u00e0 l\u2019exception de leur identifiant). Les gestionnaires du site peuvent aussi voir et modifier ces informations.<\/p>\n\n<p>Des informations suppl\u00e9mentaires sont conserv\u00e9es pour lier l&rsquo;inscription et le compte Patreon.<\/p>\n\n<h2 class=\"wp-block-heading\">Les droits que vous avez sur vos donn\u00e9es<\/h2>\n\n<p>Si vous avez un compte ou si vous avez laiss\u00e9 des commentaires sur le site, vous pouvez demander \u00e0 recevoir un fichier contenant toutes les donn\u00e9es personnelles que nous poss\u00e9dons \u00e0 votre sujet, incluant celles que vous nous avez fournies. Vous pouvez \u00e9galement demander la suppression des donn\u00e9es personnelles vous concernant. Cela ne prend pas en compte les donn\u00e9es stock\u00e9es \u00e0 des fins administratives, l\u00e9gales ou pour des raisons de s\u00e9curit\u00e9.<\/p>\n\n<p>Consultez les sites Patreon et Disqus pour obtenir des informations sur leurs plateformes respectives. Nous ne poss\u00e9dons ni ne contr\u00f4lons les donn\u00e9es de ces sites. <\/p>\n\n<h2 class=\"wp-block-heading\">O\u00f9 vos donn\u00e9es sont envoy\u00e9es<\/h2>\n\n<p>Les donn\u00e9es sont conserv\u00e9es sur le site web. Aucune donn\u00e9e n&rsquo;est envoy\u00e9e \u00e0 l&rsquo;ext\u00e9rieur, sauf dans les cas mentionn\u00e9s dans la pr\u00e9sente politique de confidentialit\u00e9. <\/p>\n","protected":false},"excerpt":{"rendered":"<p>Politique de confidentialit\u00e9 Qui sommes-nous ? L&rsquo;adresse de notre site web est : https:\/\/www.micheldonais.com. Il fait partie du portefeuille de sites de Misoservices Inc. : https:\/\/www.misoservices.com. Commentaires Fonctionnalit\u00e9s de Disqus sur ce site Ce site web utilise la plateforme de partage de commentaires publics Disqus. Lorsque vous acc\u00e9dez \u00e0 certaines pages, le service Disqus est [&hellip;]<\/p>\n","protected":false},"author":1,"featured_media":0,"parent":0,"menu_order":0,"comment_status":"closed","ping_status":"closed","template":"","meta":{"footnotes":""},"class_list":["post-1176","page","type-page","status-publish","hentry"],"aioseo_notices":[],"jetpack_sharing_enabled":true,"_links":{"self":[{"href":"https:\/\/www.micheldonais.com\/fr\/wp-json\/wp\/v2\/pages\/1176","targetHints":{"allow":["GET"]}}],"collection":[{"href":"https:\/\/www.micheldonais.com\/fr\/wp-json\/wp\/v2\/pages"}],"about":[{"href":"https:\/\/www.micheldonais.com\/fr\/wp-json\/wp\/v2\/types\/page"}],"author":[{"embeddable":true,"href":"https:\/\/www.micheldonais.com\/fr\/wp-json\/wp\/v2\/users\/1"}],"replies":[{"embeddable":true,"href":"https:\/\/www.micheldonais.com\/fr\/wp-json\/wp\/v2\/comments?post=1176"}],"version-history":[{"count":1,"href":"https:\/\/www.micheldonais.com\/fr\/wp-json\/wp\/v2\/pages\/1176\/revisions"}],"predecessor-version":[{"id":1201,"href":"https:\/\/www.micheldonais.com\/fr\/wp-json\/wp\/v2\/pages\/1176\/revisions\/1201"}],"wp:attachment":[{"href":"https:\/\/www.micheldonais.com\/fr\/wp-json\/wp\/v2\/media?parent=1176"}],"curies":[{"name":"wp","href":"https:\/\/api.w.org\/{rel}","templated":true}]}}